{"id":7,"date":"2017-09-13T14:23:55","date_gmt":"2017-09-13T12:23:55","guid":{"rendered":"http:\/\/flaming-landscape.de\/13jhr\/?page_id=7"},"modified":"2019-04-26T09:07:46","modified_gmt":"2019-04-26T07:07:46","slug":"startseite","status":"publish","type":"page","link":"http:\/\/csxiii.eu\/13jhr\/","title":{"rendered":"Das Motto"},"content":{"rendered":"<p>Unter dem Motto \u201econvenimus saeculo XIII \u2013 Wir treffen uns im 13. Jahrhundert\u201c m\u00f6chten wir ein Projekt starten, welches Darsteller des 13.Jahrhunderts aus Deutschland und dem europ\u00e4ischen Ausland zusammenf\u00fchrt und den Austausch und die Verst\u00e4ndigung international f\u00f6rdert und belebt. Das \u201econvenimus saeculo XIII\u201c soll zu einer Plattform f\u00fcr ein friedvolles und lebendiges Zusammenwachsen der verschiedensten Sprachen und Kulturen auf einem hohen qualitativen Niveau werden.<\/p>\n\n\n<figure class=\"wp-block-image\"><img decoding=\"async\" loading=\"lazy\" width=\"300\" height=\"150\" src=\"http:\/\/csxiii.eu\/13jhr\/wp-content\/uploads\/2019\/02\/Logo_HKS-2004-WAK-SPKx2-300x150.jpg\" alt=\"Wartburg Sparkasse\" class=\"wp-image-370\" srcset=\"http:\/\/csxiii.eu\/13jhr\/wp-content\/uploads\/2019\/02\/Logo_HKS-2004-WAK-SPKx2-300x150.jpg 300w, http:\/\/csxiii.eu\/13jhr\/wp-content\/uploads\/2019\/02\/Logo_HKS-2004-WAK-SPKx2-768x384.jpg 768w, http:\/\/csxiii.eu\/13jhr\/wp-content\/uploads\/2019\/02\/Logo_HKS-2004-WAK-SPKx2-1024x512.jpg 1024w, http:\/\/csxiii.eu\/13jhr\/wp-content\/uploads\/2019\/02\/Logo_HKS-2004-WAK-SPKx2.jpg 1276w\" sizes=\"(max-width: 300px) 100vw, 300px\" \/><figcaption>Gef\u00f6rdert von der Wartburg Sparkasse!<\/figcaption><\/figure>\n\n\n\n<p><a href=\"http:\/\/csxiii.eu\/13jhr\/2019\/02\/01\/sponsoren\/\">Weitere Sponsoren&#8230;<\/a><\/p>\n","protected":false},"excerpt":{"rendered":"<p>Unter dem Motto \u201econvenimus saeculo XIII \u2013 Wir treffen uns im 13. Jahrhundert\u201c m\u00f6chten wir ein Projekt starten, welches Darsteller des 13.Jahrhunderts aus Deutschland und dem europ\u00e4ischen Ausland zusammenf\u00fchrt und den Austausch und die Verst\u00e4ndigung international f\u00f6rdert und belebt. Das \u201econvenimus saeculo XIII\u201c soll zu einer Plattform f\u00fcr ein friedvolles und lebendiges Zusammenwachsen der verschiedensten &hellip; <\/p>\n<p class=\"link-more\"><a href=\"http:\/\/csxiii.eu\/13jhr\/\" class=\"more-link\"><span class=\"screen-reader-text\">\u201eDas Motto\u201c<\/span> weiterlesen<\/a><\/p>\n","protected":false},"author":1,"featured_media":0,"parent":0,"menu_order":0,"comment_status":"closed","ping_status":"closed","template":"","meta":[],"_links":{"self":[{"href":"http:\/\/csxiii.eu\/13jhr\/wp-json\/wp\/v2\/pages\/7"}],"collection":[{"href":"http:\/\/csxiii.eu\/13jhr\/wp-json\/wp\/v2\/pages"}],"about":[{"href":"http:\/\/csxiii.eu\/13jhr\/wp-json\/wp\/v2\/types\/page"}],"author":[{"embeddable":true,"href":"http:\/\/csxiii.eu\/13jhr\/wp-json\/wp\/v2\/users\/1"}],"replies":[{"embeddable":true,"href":"http:\/\/csxiii.eu\/13jhr\/wp-json\/wp\/v2\/comments?post=7"}],"version-history":[{"count":7,"href":"http:\/\/csxiii.eu\/13jhr\/wp-json\/wp\/v2\/pages\/7\/revisions"}],"predecessor-version":[{"id":507,"href":"http:\/\/csxiii.eu\/13jhr\/wp-json\/wp\/v2\/pages\/7\/revisions\/507"}],"wp:attachment":[{"href":"http:\/\/csxiii.eu\/13jhr\/wp-json\/wp\/v2\/media?parent=7"}],"curies":[{"name":"wp","href":"https:\/\/api.w.org\/{rel}","templated":true}]}}