{"id":8,"date":"2017-09-13T14:23:55","date_gmt":"2017-09-13T12:23:55","guid":{"rendered":"http:\/\/flaming-landscape.de\/13jhr\/?page_id=8"},"modified":"2018-11-29T15:49:51","modified_gmt":"2018-11-29T14:49:51","slug":"ueber-mich","status":"publish","type":"page","link":"http:\/\/csxiii.eu\/13jhr\/ueber-mich\/","title":{"rendered":"Die Burgruine Brandenburg"},"content":{"rendered":"<p>Die Burgruine Brandenburg bei Lauchr\u00f6den (Th\u00fcringen) bildet seit vielen Jahren ein Treffpunkt f\u00fcr ganz Deutschland. Und das eine oder andere Mal finden wir auch Mitstreiter aus den Nachbarl\u00e4ndern. Touristisch und regional gesehen sind die Aktivit\u00e4ten des Brandenburgvereins und seiner Mitglieder etabliert und aus dem Jahreskalender nicht mehr wegzudenken. Allen voran das Brandenburgfest, zahlreiche kleine wie gro\u00dfe Konzert- und Theaterauff\u00fchrungen, die Neugestaltung und Betreibung eines Burgmuseums, um nur einige zu nennen. Der Verein hat einfach eine Begegnungsst\u00e4tte der besonderen Art geschaffen. Nicht nur um die Bem\u00fchungen die Burgruine zu erhalten, den Naturschutz zu wahren und dem Besucher interessante Einblicke in die Geschichte zu vermitteln, hat sich der Verein seit seiner Neugr\u00fcndung 1990 verdient gemacht, sondern auch die Region und ihre Denkmale weit \u00fcber die Bundeslandgrenzen hinauszutragen.<\/p>\n","protected":false},"excerpt":{"rendered":"<p>Die Burgruine Brandenburg bei Lauchr\u00f6den (Th\u00fcringen) bildet seit vielen Jahren ein Treffpunkt f\u00fcr ganz Deutschland. Und das eine oder andere Mal finden wir auch Mitstreiter aus den Nachbarl\u00e4ndern. Touristisch und regional gesehen sind die Aktivit\u00e4ten des Brandenburgvereins und seiner Mitglieder etabliert und aus dem Jahreskalender nicht mehr wegzudenken. Allen voran das Brandenburgfest, zahlreiche kleine wie &hellip; <\/p>\n<p class=\"link-more\"><a href=\"http:\/\/csxiii.eu\/13jhr\/ueber-mich\/\" class=\"more-link\"><span class=\"screen-reader-text\">\u201eDie Burgruine Brandenburg\u201c<\/span> weiterlesen<\/a><\/p>\n","protected":false},"author":1,"featured_media":185,"parent":0,"menu_order":0,"comment_status":"closed","ping_status":"closed","template":"","meta":[],"_links":{"self":[{"href":"http:\/\/csxiii.eu\/13jhr\/wp-json\/wp\/v2\/pages\/8"}],"collection":[{"href":"http:\/\/csxiii.eu\/13jhr\/wp-json\/wp\/v2\/pages"}],"about":[{"href":"http:\/\/csxiii.eu\/13jhr\/wp-json\/wp\/v2\/types\/page"}],"author":[{"embeddable":true,"href":"http:\/\/csxiii.eu\/13jhr\/wp-json\/wp\/v2\/users\/1"}],"replies":[{"embeddable":true,"href":"http:\/\/csxiii.eu\/13jhr\/wp-json\/wp\/v2\/comments?post=8"}],"version-history":[{"count":3,"href":"http:\/\/csxiii.eu\/13jhr\/wp-json\/wp\/v2\/pages\/8\/revisions"}],"predecessor-version":[{"id":72,"href":"http:\/\/csxiii.eu\/13jhr\/wp-json\/wp\/v2\/pages\/8\/revisions\/72"}],"wp:featuredmedia":[{"embeddable":true,"href":"http:\/\/csxiii.eu\/13jhr\/wp-json\/wp\/v2\/media\/185"}],"wp:attachment":[{"href":"http:\/\/csxiii.eu\/13jhr\/wp-json\/wp\/v2\/media?parent=8"}],"curies":[{"name":"wp","href":"https:\/\/api.w.org\/{rel}","templated":true}]}}